{"id":29,"date":"2024-12-15T00:58:38","date_gmt":"2024-12-15T05:58:38","guid":{"rendered":"https:\/\/tinta-sabia.com\/pagina\/home\/"},"modified":"2025-08-14T22:51:57","modified_gmt":"2025-08-15T03:51:57","slug":"inicio","status":"publish","type":"page","link":"https:\/\/tinta-sabia.com\/pagina\/","title":{"rendered":"INICIO"},"content":{"rendered":"\n\n\nTrabajo en equipo<br>\n<h2><br><\/h2>\n\n\n\n\n<p style=\"text-align: center;\"><div class=\"_df_thumb \" id=\"df_337\"  _slug=\"337\" data-title=\"\" wpoptions=\"true\" thumb=\"https:\/\/tinta-sabia.com\/pagina\/wp-content\/uploads\/2025\/08\/eticaysostenivilidadsiglo.png\" thumbtype=\"\" >Open Book<\/div><script class=\"df-shortcode-script\" nowprocket type=\"application\/javascript\">window.option_df_337 = {\"outline\":[],\"autoEnableOutline\":\"false\",\"autoEnableThumbnail\":\"false\",\"overwritePDFOutline\":\"false\",\"direction\":\"1\",\"pageSize\":\"0\",\"source\":\"https:\\\/\\\/tinta-sabia.com\\\/pagina\\\/wp-content\\\/uploads\\\/2025\\\/08\\\/Libro-Educacion-Siglo-XXI.pdf\",\"wpOptions\":\"true\"}; if(window.DFLIP && window.DFLIP.parseBooks){window.DFLIP.parseBooks();}<\/script><\/p>\n\n\n<p style=\"text-align: center;\"><div class=\"_df_thumb \" id=\"df_299\"  _slug=\"299\" data-title=\"el-marketing-digital-para-emprendedores\" wpoptions=\"true\" thumb=\"https:\/\/tinta-sabia.com\/pagina\/wp-content\/uploads\/2025\/08\/marketing_emprendedores.png\" thumbtype=\"\" >El Marketing Digital para Emprendedores<\/div><script class=\"df-shortcode-script\" nowprocket type=\"application\/javascript\">window.option_df_299 = {\"outline\":[],\"backgroundColor\":\"#ffffff\",\"autoEnableOutline\":\"false\",\"autoEnableThumbnail\":\"false\",\"overwritePDFOutline\":\"false\",\"direction\":\"1\",\"pageSize\":\"0\",\"source\":\"https:\\\/\\\/tinta-sabia.com\\\/pagina\\\/wp-content\\\/uploads\\\/2025\\\/08\\\/Marketing-para-Emprendedores-Tinta-Sabia_isbn.pdf\",\"wpOptions\":\"true\"}; if(window.DFLIP && window.DFLIP.parseBooks){window.DFLIP.parseBooks();}<\/script><\/p>\n\n\n\n\nBienvenidos<br>\nTinta Sabia ofrece un espacio especializado para que profesores y acad\u00e9micos transformen sus investigaciones, experiencias y conocimientos en publicaciones digitales de alta calidad. Con un enfoque integral, se garantiza un proceso editorial riguroso y personalizado que asegura la excelencia en cada obra. Publicar libros y art\u00edculos cient\u00edficos con Tinta Sabia permite a los autores ampliar su impacto acad\u00e9mico, alcanzar audiencias globales y fortalecer su trayectoria profesional, contribuyendo al desarrollo cultural y cient\u00edfico en un entorno digital competitivo.\n\n\n\n\nVALORES\n\n\n<p>\n\n\n\t\n\t\n\t\n\t\n\n<\/p><p style=\"line-height: 108%; margin-bottom: 0cm\">\nNos esforzamos por garantizar altos est\u00e1ndares de calidad en cada\netapa del proceso editorial, desde la creaci\u00f3n hasta la\ndistribuci\u00f3n.<\/p>\n\n<p><style type=\"text\/css\">p { line-height: 115%; text-align: left; orphans: 2; widows: 2; margin-bottom: 0.25cm; direction: ltr; background: transparent }a:visited { color: #954f72; text-decoration: underline }a:link { color: #0563c1; text-decoration: underline }<\/style><\/p>\n\n\n<p>Adoptamos herramientas y tendencias tecnol\u00f3gicas para ofrecer productos editoriales adaptados a las necesidades de un mundo digital y globalizado.<\/p>\n\n\n\n\n<p>\n\n\n\t\n\t\n\t\n\t\n\n<\/p><p style=\"line-height: 108%; margin-bottom: 0cm\">\n\n\n\t\n\t\n\t\n\t\n\n<\/p><p style=\"line-height: 108%; margin-bottom: 0cm\">\n\n\n\t\n\t\n\t\n\t\n\n<\/p><p style=\"line-height: 108%; margin-bottom: 0cm\">\nTrabajamos para enriquecer la educaci\u00f3n y la cultura, entendiendo\nque cada publicaci\u00f3n es una oportunidad para contribuir al\ndesarrollo humano.<\/p>\n\n<p style=\"line-height: 108%; margin-bottom: 0cm\"><style type=\"text\/css\">p { line-height: 115%; text-align: left; orphans: 2; widows: 2; margin-bottom: 0.25cm; direction: ltr; background: transparent }a:visited { color: #954f72; text-decoration: underline }a:link { color: #0563c1; text-decoration: underline }<\/style><\/p>\n\n<p style=\"line-height: 108%; margin-bottom: 0cm\"><style type=\"text\/css\">p { line-height: 115%; text-align: left; orphans: 2; widows: 2; margin-bottom: 0.25cm; direction: ltr; background: transparent }a:visited { color: #954f72; text-decoration: underline }a:link { color: #0563c1; text-decoration: underline }<\/style><\/p>\n\n<p><style type=\"text\/css\">p { line-height: 115%; text-align: left; orphans: 2; widows: 2; margin-bottom: 0.25cm; direction: ltr; background: transparent }a:visited { color: #954f72; text-decoration: underline }a:link { color: #0563c1; text-decoration: underline }<\/style><\/p>\n\n\n<p style=\"line-height: 108%; margin-bottom: 0cm\">\nIntegramos pr\u00e1cticas responsables en nuestras operaciones,\ncontribuyendo al cuidado del medio ambiente y al bienestar social.<\/p>\n\n<style type=\"text\/css\">p { line-height: 115%; text-align: left; orphans: 2; widows: 2; margin-bottom: 0.25cm; direction: ltr; background: transparent }a:visited { color: #954f72; text-decoration: underline }a:link { color: #0563c1; text-decoration: underline }<\/style>\n\n\n\n\n<p>\n\n\n\t\n\t\n\t\n\t\n\n<\/p><p style=\"line-height: 108%; margin-bottom: 0cm\">\n\n\n\t\n\t\n\t\n\t\n\n<\/p><p style=\"line-height: 108%; margin-bottom: 0cm\">\n\n\n\t\n\t\n\t\n\t\n\n<\/p><p style=\"line-height: 108%; margin-bottom: 0cm\">\n\n\n\t\n\t\n\t\n\t\n\n<\/p><p style=\"line-height: 108%; margin-bottom: 0cm\">\nNos regimos por principios \u00e9ticos s\u00f3lidos, manteniendo claridad y\nhonestidad en nuestras relaciones con autores, colaboradores y\nlectores.<\/p>\n\n<p style=\"line-height: 108%; margin-bottom: 0cm\"><style type=\"text\/css\">p { line-height: 115%; text-align: left; orphans: 2; widows: 2; margin-bottom: 0.25cm; direction: ltr; background: transparent }a:visited { color: #954f72; text-decoration: underline }a:link { color: #0563c1; text-decoration: underline }<\/style><\/p>\n\n<p style=\"line-height: 108%; margin-bottom: 0cm\"><style type=\"text\/css\">p { line-height: 115%; text-align: left; orphans: 2; widows: 2; margin-bottom: 0.25cm; direction: ltr; background: transparent }a:visited { color: #954f72; text-decoration: underline }a:link { color: #0563c1; text-decoration: underline }<\/style><\/p>\n\n<p style=\"line-height: 108%; margin-bottom: 0cm\"><style type=\"text\/css\">p { line-height: 115%; text-align: left; orphans: 2; widows: 2; margin-bottom: 0.25cm; direction: ltr; background: transparent }a:visited { color: #954f72; text-decoration: underline }a:link { color: #0563c1; text-decoration: underline }<\/style><\/p>\n\n<p><style type=\"text\/css\">p { line-height: 115%; text-align: left; orphans: 2; widows: 2; margin-bottom: 0.25cm; direction: ltr; background: transparent }a:visited { color: #954f72; text-decoration: underline }a:link { color: #0563c1; text-decoration: underline }<\/style><\/p>\n\n\n<p style=\"line-height: 108%; margin-bottom: 0cm\">\n\n\n\t\n\t\n\t\n\t\n\n<\/p><p style=\"line-height: 108%; margin-bottom: 0.28cm\">\nCreemos en el poder del trabajo en equipo con autores, dise\u00f1adores,\neditores y otros actores del proceso editorial para alcanzar\nobjetivos comunes.<\/p>\n\n<p style=\"line-height: 108%; margin-bottom: 0cm\"><style type=\"text\/css\">p { line-height: 115%; text-align: left; orphans: 2; widows: 2; margin-bottom: 0.25cm; direction: ltr; background: transparent }a:visited { color: #954f72; text-decoration: underline }a:link { color: #0563c1; text-decoration: underline }<\/style><\/p>\n\n<style type=\"text\/css\">p { line-height: 115%; text-align: left; orphans: 2; widows: 2; margin-bottom: 0.25cm; direction: ltr; background: transparent }a:visited { color: #954f72; text-decoration: underline }a:link { color: #0563c1; text-decoration: underline }<\/style>\n\n\n\n\n<p>\n\n\n\t\n\t\n\t\n\t\n\n<\/p><p style=\"line-height: 108%; margin-bottom: 0cm\">\n\n\n\t\n\t\n\t\n\t\n\n<\/p><p style=\"line-height: 108%; margin-bottom: 0cm\">\n\n\n\t\n\t\n\t\n\t\n\n<\/p><p style=\"line-height: 108%; margin-bottom: 0cm\">\n\n\n\t\n\t\n\t\n\t\n\n<\/p><p style=\"line-height: 108%; margin-bottom: 0cm\">\n\n\n\t\n\t\n\t\n\t\n\n<\/p><p style=\"line-height: 108%; margin-bottom: 0cm\">\nPromovemos la publicaci\u00f3n de voces diversas, respetando y valorando\nlas m\u00faltiples perspectivas culturales, sociales y acad\u00e9micas.<\/p>\n\n<p style=\"line-height: 108%; margin-bottom: 0cm\"><style type=\"text\/css\">p { line-height: 115%; text-align: left; orphans: 2; widows: 2; margin-bottom: 0.25cm; direction: ltr; background: transparent }a:visited { color: #954f72; text-decoration: underline }a:link { color: #0563c1; text-decoration: underline }<\/style><\/p>\n\n<p style=\"line-height: 108%; margin-bottom: 0cm\"><style type=\"text\/css\">p { line-height: 115%; text-align: left; orphans: 2; widows: 2; margin-bottom: 0.25cm; direction: ltr; background: transparent }a:visited { color: #954f72; text-decoration: underline }a:link { color: #0563c1; text-decoration: underline }<\/style><\/p>\n\n<p style=\"line-height: 108%; margin-bottom: 0cm\"><style type=\"text\/css\">p { line-height: 115%; text-align: left; orphans: 2; widows: 2; margin-bottom: 0.25cm; direction: ltr; background: transparent }a:visited { color: #954f72; text-decoration: underline }a:link { color: #0563c1; text-decoration: underline }<\/style><\/p>\n\n<p style=\"line-height: 108%; margin-bottom: 0cm\"><style type=\"text\/css\">p { line-height: 115%; text-align: left; orphans: 2; widows: 2; margin-bottom: 0.25cm; direction: ltr; background: transparent }a:visited { color: #954f72; text-decoration: underline }a:link { color: #0563c1; text-decoration: underline }<\/style><\/p>\n\n<p><style type=\"text\/css\">p { line-height: 115%; text-align: left; orphans: 2; widows: 2; margin-bottom: 0.25cm; direction: ltr; background: transparent }a:visited { color: #954f72; text-decoration: underline }a:link { color: #0563c1; text-decoration: underline }<\/style><\/p>\n\n\n\n\n\n\n","protected":false},"excerpt":{"rendered":"","protected":false},"author":1,"featured_media":0,"parent":0,"menu_order":0,"comment_status":"closed","ping_status":"closed","template":"","meta":{"pagelayer_contact_templates":[],"_pagelayer_content":"","footnotes":""},"class_list":["post-29","page","type-page","status-publish","hentry"],"_links":{"self":[{"href":"https:\/\/tinta-sabia.com\/pagina\/wp-json\/wp\/v2\/pages\/29","targetHints":{"allow":["GET"]}}],"collection":[{"href":"https:\/\/tinta-sabia.com\/pagina\/wp-json\/wp\/v2\/pages"}],"about":[{"href":"https:\/\/tinta-sabia.com\/pagina\/wp-json\/wp\/v2\/types\/page"}],"author":[{"embeddable":true,"href":"https:\/\/tinta-sabia.com\/pagina\/wp-json\/wp\/v2\/users\/1"}],"replies":[{"embeddable":true,"href":"https:\/\/tinta-sabia.com\/pagina\/wp-json\/wp\/v2\/comments?post=29"}],"version-history":[{"count":34,"href":"https:\/\/tinta-sabia.com\/pagina\/wp-json\/wp\/v2\/pages\/29\/revisions"}],"predecessor-version":[{"id":390,"href":"https:\/\/tinta-sabia.com\/pagina\/wp-json\/wp\/v2\/pages\/29\/revisions\/390"}],"wp:attachment":[{"href":"https:\/\/tinta-sabia.com\/pagina\/wp-json\/wp\/v2\/media?parent=29"}],"curies":[{"name":"wp","href":"https:\/\/api.w.org\/{rel}","templated":true}]}}