{"id":66,"date":"2025-01-03T05:59:53","date_gmt":"2025-01-03T10:59:53","guid":{"rendered":"https:\/\/tinta-sabia.com\/pagina\/?page_id=66"},"modified":"2025-06-11T00:53:03","modified_gmt":"2025-06-11T05:53:03","slug":"servicios","status":"publish","type":"page","link":"https:\/\/tinta-sabia.com\/pagina\/servicios\/","title":{"rendered":"SERVICIOS"},"content":{"rendered":"\n\n\n<h2>SERVICIOS<\/h2>\n\n\n\n\n\n\n<p>Lorem Ipsum has been the industry&#8217;s standard dummy text ever since the 1500s.<\/p>\n\n\n<p align=\"justify\" text-align:=\"\" justify;\"=\"\">Tinta Sabia proporciona una oferta integral de servicios orientada a la producci\u00f3n, divulgaci\u00f3n y aprendizaje. Se especializa en la publicaci\u00f3n de libros junto con art\u00edculos cient\u00edficos, asegurando excelencia mediante un rigor acad\u00e9mico que contribuye tanto al desarrollo cultural como cient\u00edfico. Adem\u00e1s, ofrece cursos y capacitaciones en l\u00ednea dise\u00f1ados para fomentar el aprendizaje continuo al tiempo que impulsan el crecimiento profesional de sus usuarios. Su enfoque innovador permite conectar autores y lectores en un entorno digital global, favoreciendo la transmisi\u00f3n del conocimiento, as\u00ed como el desarrollo creativo.<br><\/p>\n\n\n\n\n\n\n\n<p [object NamedNodeMap]>La editorial brinda un espacio para la creaci\u00f3n, edici\u00f3n y difusi\u00f3n de libros digitales, garantizando un proceso riguroso que abarca desde la revisi\u00f3n de contenidos hasta el dise\u00f1o y publicaci\u00f3n final. Se prioriza la producci\u00f3n de obras  que aporten al desarrollo acad\u00e9mico, cultural y profesional, brindando a los autores la oportunidad de compartir sus conocimientos con una audiencia global a trav\u00e9s de plataformas digitales.<\/p>\n\n\n<p [object NamedNodeMap]>Se ofrece un proceso editorial especializado en la revisi\u00f3n, edici\u00f3n y difusi\u00f3n de art\u00edculos cient\u00edficos, asegurando el cumplimiento de est\u00e1ndares acad\u00e9micos y metodol\u00f3gicos de alto nivel. La publicaci\u00f3n digital permite una amplia visibilidad, facilitando el acceso a investigaciones relevantes para la comunidad cient\u00edfica, contribuyendo al avance del conocimiento en diversas disciplinas.<\/p>\n\n\n<p [object NamedNodeMap]>La editorial dise\u00f1a e implementa cursos digitales orientados a la actualizaci\u00f3n y formaci\u00f3n continua en distintas \u00e1reas del saber. Estos espacios formativos integran recursos did\u00e1cticos digitales, metodolog\u00edas activas y herramientas tecnol\u00f3gicas que promueven el aprendizaje aut\u00f3nomo y significativo, adapt\u00e1ndose a las necesidades de una comunidad acad\u00e9mica global. Adem\u00e1s, se ofrecen programas de capacitaci\u00f3n dirigidos a fortalecer las competencias profesionales y acad\u00e9micas de docentes, investigadores y estudiantes. Estas capacitaciones abordan tem\u00e1ticas contempor\u00e1neas y metodolog\u00edas innovadoras, promoviendo la aplicaci\u00f3n del conocimiento adquirido en contextos educativos y laborales.<\/p>\n\n\n\n","protected":false},"excerpt":{"rendered":"","protected":false},"author":1,"featured_media":0,"parent":0,"menu_order":0,"comment_status":"closed","ping_status":"closed","template":"","meta":{"pagelayer_contact_templates":[],"_pagelayer_content":"","footnotes":""},"class_list":["post-66","page","type-page","status-publish","hentry"],"_links":{"self":[{"href":"https:\/\/tinta-sabia.com\/pagina\/wp-json\/wp\/v2\/pages\/66","targetHints":{"allow":["GET"]}}],"collection":[{"href":"https:\/\/tinta-sabia.com\/pagina\/wp-json\/wp\/v2\/pages"}],"about":[{"href":"https:\/\/tinta-sabia.com\/pagina\/wp-json\/wp\/v2\/types\/page"}],"author":[{"embeddable":true,"href":"https:\/\/tinta-sabia.com\/pagina\/wp-json\/wp\/v2\/users\/1"}],"replies":[{"embeddable":true,"href":"https:\/\/tinta-sabia.com\/pagina\/wp-json\/wp\/v2\/comments?post=66"}],"version-history":[{"count":53,"href":"https:\/\/tinta-sabia.com\/pagina\/wp-json\/wp\/v2\/pages\/66\/revisions"}],"predecessor-version":[{"id":266,"href":"https:\/\/tinta-sabia.com\/pagina\/wp-json\/wp\/v2\/pages\/66\/revisions\/266"}],"wp:attachment":[{"href":"https:\/\/tinta-sabia.com\/pagina\/wp-json\/wp\/v2\/media?parent=66"}],"curies":[{"name":"wp","href":"https:\/\/api.w.org\/{rel}","templated":true}]}}