{"id":75,"date":"2025-01-03T06:05:25","date_gmt":"2025-01-03T11:05:25","guid":{"rendered":"https:\/\/tinta-sabia.com\/pagina\/?page_id=75"},"modified":"2025-04-22T21:59:16","modified_gmt":"2025-04-23T02:59:16","slug":"nosotros-2","status":"publish","type":"page","link":"https:\/\/tinta-sabia.com\/pagina\/nosotros-2\/","title":{"rendered":"NOSOTROS"},"content":{"rendered":"\n\n\n<h2>NOSOTROS<\/h2>\n\n\n\n\n\n<p style=\"text-align: right; \"><span style=\"font-size: 20px; color: rgb(255, 255, 255);\"><strong style=\"line-height: 1;\">LOREM CORPORATE CEO<\/strong><\/span><\/p><p style=\"text-align: center;\"><span style=\"color: rgb(255, 255, 255);\">Duis aute irure dolor in reprehenderit in voluptate velit esse cillum dolore eu fugiat nulla pariatur. Excepteur sint occaecat cupidatat non proident, sunt in culpa qui officia deserunt mollit anim id est laborum.<\/span><\/p><p style=\"text-align: left;\"><sign>&nbsp; &nbsp; &nbsp; <span style=\"line-height: 2.0;\">Benn Marshall<\/span><\/sign><\/p>\n\n\n\n\n<h2>MISI\u00d3N<\/h2>\n\n<p>\n\n\n\t\n\t\n\t\n\t\n\n<\/p><p align=\"justify\" style=\"line-height: 108%; margin-bottom: 0.28cm;text-align: justify;\">Ser un puente entre el conocimiento y la creatividad, ofreciendo soluciones editoriales de alta calidad que promuevan la difusi\u00f3n de ideas, el desarrollo cultural, educativo, y el fortalecimiento del pensamiento cr\u00edtico en todas las comunidades a las que servimos. Nos comprometemos a apoyar a escritores e investigadores para que sus obras lleguen al p\u00fablico con excelencia y accesibilidad.<\/p><p><style type=\"text\/css\">p { line-height: 115%; text-align: left; orphans: 2; widows: 2; margin-bottom: 0.25cm; direction: ltr; background: transparent }a:visited { color: #954f72; text-decoration: underline }a:link { color: #0563c1; text-decoration: underline }<\/style><\/p>\n\n<h2>VISI\u00d3N<\/h2>\n\n<p style=\"text-align: justify;\">Convertirnos en una editorial l\u00edder reconocida por nuestra innovaci\u00f3n, diversidad, compromiso con la transformaci\u00f3n social a trav\u00e9s de la publicaci\u00f3n de contenidos que inspiren, eduquen y promuevan valores universales. Aspiramos a ser el referente en la creaci\u00f3n de proyectos editoriales sostenibles que impacten positivamente en la sociedad, fomentando el desarrollo cultural y acad\u00e9mico global.<\/p>\n\n<p><style type=\"text\/css\">p { line-height: 115%; text-align: left; orphans: 2; widows: 2; margin-bottom: 0.25cm; direction: ltr; background: transparent }a:visited { color: #954f72; text-decoration: underline }a:link { color: #0563c1; text-decoration: underline }<\/style><\/p>\n\n\n\n\n\n<h2>OBJETIVOS<\/h2>\n\n\n\n\n\n\n<p><\/p><p align=\"justify\" style=\"line-height: 108%; margin-bottom: 0.28cm;text-align: justify;\">Dise\u00f1ar\n y distribuir publicaciones digitales que sean relevantes, atractivas y \nadaptadas a diferentes dispositivos y plataformas, para garantizar una \nexperiencia \u00f3ptima para los lectores.<\/p>\n\n<p><style type=\"text\/css\">p { line-height: 115%; text-align: left; orphans: 2; widows: 2; margin-bottom: 0.25cm; direction: ltr; background: transparent }a:visited { color: #954f72; text-decoration: underline }a:link { color: #0563c1; text-decoration: underline }<\/style><\/p>\n\n\n<p>\n\n\n\t\n\t\n\t\n\t\n\n<\/p><p style=\"line-height: 108%; margin-bottom: 0cm\">Incorporar herramientas tecnol\u00f3gicas avanzadas, como plataformas de \ndistribuci\u00f3n digital, sistemas de impresi\u00f3n bajo demanda, para aumentar \nel alcance y la visibilidad de las publicaciones.<\/p>\n\n<p><style type=\"text\/css\">p { line-height: 115%; text-align: left; orphans: 2; widows: 2; margin-bottom: 0.25cm; direction: ltr; background: transparent }a:visited { color: #954f72; text-decoration: underline }a:link { color: #0563c1; text-decoration: underline }<\/style><\/p>\n\n\n<p>\n\n\n\t\n\t\n\t\n\t\n\n<\/p><p style=\"line-height: 108%; margin-bottom: 0cm\">Ofrecer herramientas en l\u00ednea para que los autores puedan gestionar sus \nproyectos, recibir retroalimentaci\u00f3n en tiempo real y distribuir sus \nobras de manera eficiente.<\/p>\n\n<p><style type=\"text\/css\">p { line-height: 115%; text-align: left; orphans: 2; widows: 2; margin-bottom: 0.25cm; direction: ltr; background: transparent }a:visited { color: #954f72; text-decoration: underline }a:link { color: #0563c1; text-decoration: underline }<\/style><\/p>\n\n\n<p>\n\n\n\t\n\t\n\t\n\t\n\n<\/p><p style=\"line-height: 108%; margin-bottom: 0cm\">Aprovechar el formato digital para minimizar el uso de papel y recursos \nf\u00edsicos, posicionando la editorial como una alternativa sostenible y \nresponsable frente a los modelos tradicionales.<\/p>\n\n<p><style type=\"text\/css\">p { line-height: 115%; text-align: left; orphans: 2; widows: 2; margin-bottom: 0.25cm; direction: ltr; background: transparent }a:visited { color: #954f72; text-decoration: underline }a:link { color: #0563c1; text-decoration: underline }<\/style><\/p>\n\n\n\n","protected":false},"excerpt":{"rendered":"","protected":false},"author":1,"featured_media":0,"parent":0,"menu_order":0,"comment_status":"closed","ping_status":"closed","template":"","meta":{"pagelayer_contact_templates":[],"_pagelayer_content":"","footnotes":""},"class_list":["post-75","page","type-page","status-publish","hentry"],"_links":{"self":[{"href":"https:\/\/tinta-sabia.com\/pagina\/wp-json\/wp\/v2\/pages\/75","targetHints":{"allow":["GET"]}}],"collection":[{"href":"https:\/\/tinta-sabia.com\/pagina\/wp-json\/wp\/v2\/pages"}],"about":[{"href":"https:\/\/tinta-sabia.com\/pagina\/wp-json\/wp\/v2\/types\/page"}],"author":[{"embeddable":true,"href":"https:\/\/tinta-sabia.com\/pagina\/wp-json\/wp\/v2\/users\/1"}],"replies":[{"embeddable":true,"href":"https:\/\/tinta-sabia.com\/pagina\/wp-json\/wp\/v2\/comments?post=75"}],"version-history":[{"count":38,"href":"https:\/\/tinta-sabia.com\/pagina\/wp-json\/wp\/v2\/pages\/75\/revisions"}],"predecessor-version":[{"id":202,"href":"https:\/\/tinta-sabia.com\/pagina\/wp-json\/wp\/v2\/pages\/75\/revisions\/202"}],"wp:attachment":[{"href":"https:\/\/tinta-sabia.com\/pagina\/wp-json\/wp\/v2\/media?parent=75"}],"curies":[{"name":"wp","href":"https:\/\/api.w.org\/{rel}","templated":true}]}}